{"id":5911,"date":"2024-07-26T15:02:42","date_gmt":"2024-07-26T13:02:42","guid":{"rendered":"https:\/\/montignyvelonature.fr\/?page_id=5911"},"modified":"2025-05-21T06:55:45","modified_gmt":"2025-05-21T04:55:45","slug":"mentions-legales","status":"publish","type":"page","link":"https:\/\/montignyvelonature.fr\/?page_id=5911","title":{"rendered":"Mentions l\u00e9gales"},"content":{"rendered":"\t\t<div data-elementor-type=\"wp-page\" data-elementor-id=\"5911\" class=\"elementor elementor-5911\">\n\t\t\t\t\t\t<section class=\"elementor-section elementor-top-section elementor-element elementor-element-0f7841c elementor-section-stretched elementor-section-boxed elementor-section-height-default elementor-section-height-default\" data-id=\"0f7841c\" data-element_type=\"section\" data-e-type=\"section\" data-settings=\"{&quot;stretch_section&quot;:&quot;section-stretched&quot;}\">\n\t\t\t\t\t\t<div class=\"elementor-container elementor-column-gap-default\">\n\t\t\t\t\t<div class=\"elementor-column elementor-col-100 elementor-top-column elementor-element elementor-element-d7eb74f\" data-id=\"d7eb74f\" data-element_type=\"column\" data-e-type=\"column\">\n\t\t\t<div class=\"elementor-widget-wrap elementor-element-populated\">\n\t\t\t\t\t\t<div class=\"elementor-element elementor-element-264805f elementor-widget elementor-widget-text-editor\" data-id=\"264805f\" data-element_type=\"widget\" data-e-type=\"widget\" data-widget_type=\"text-editor.default\">\n\t\t\t\t<div class=\"elementor-widget-container\">\n\t\t\t\t\t\t\t\t\t<h2>Mentions l\u00e9gales<\/h2>\t\t\t\t\t\t\t\t<\/div>\n\t\t\t\t<\/div>\n\t\t\t\t\t<\/div>\n\t\t<\/div>\n\t\t\t\t\t<\/div>\n\t\t<\/section>\n\t\t\t\t<section class=\"elementor-section elementor-top-section elementor-element elementor-element-d81050a elementor-section-stretched elementor-section-boxed elementor-section-height-default elementor-section-height-default\" data-id=\"d81050a\" data-element_type=\"section\" data-e-type=\"section\" data-settings=\"{&quot;stretch_section&quot;:&quot;section-stretched&quot;}\">\n\t\t\t\t\t\t<div class=\"elementor-container elementor-column-gap-default\">\n\t\t\t\t\t<div class=\"elementor-column elementor-col-100 elementor-top-column elementor-element elementor-element-dc8caa1\" data-id=\"dc8caa1\" data-element_type=\"column\" data-e-type=\"column\">\n\t\t\t<div class=\"elementor-widget-wrap elementor-element-populated\">\n\t\t\t\t\t\t<div class=\"elementor-element elementor-element-5cc8e82 elementor-widget-divider--view-line elementor-widget elementor-widget-divider\" data-id=\"5cc8e82\" data-element_type=\"widget\" data-e-type=\"widget\" data-widget_type=\"divider.default\">\n\t\t\t\t<div class=\"elementor-widget-container\">\n\t\t\t\t\t\t\t<div class=\"elementor-divider\">\n\t\t\t<span class=\"elementor-divider-separator\">\n\t\t\t\t\t\t<\/span>\n\t\t<\/div>\n\t\t\t\t\t\t<\/div>\n\t\t\t\t<\/div>\n\t\t\t\t\t<\/div>\n\t\t<\/div>\n\t\t\t\t\t<\/div>\n\t\t<\/section>\n\t\t\t\t<section class=\"elementor-section elementor-top-section elementor-element elementor-element-d52e595 elementor-section-boxed elementor-section-height-default elementor-section-height-default\" data-id=\"d52e595\" data-element_type=\"section\" data-e-type=\"section\">\n\t\t\t\t\t\t<div class=\"elementor-container elementor-column-gap-default\">\n\t\t\t\t\t<div class=\"elementor-column elementor-col-100 elementor-top-column elementor-element elementor-element-cc341df\" data-id=\"cc341df\" data-element_type=\"column\" data-e-type=\"column\">\n\t\t\t<div class=\"elementor-widget-wrap elementor-element-populated\">\n\t\t\t\t\t\t<div class=\"elementor-element elementor-element-d71df1c elementor-widget elementor-widget-text-editor\" data-id=\"d71df1c\" data-element_type=\"widget\" data-e-type=\"widget\" data-widget_type=\"text-editor.default\">\n\t\t\t\t<div class=\"elementor-widget-container\">\n\t\t\t\t\t\t\t\t\t<h2>\u00c9diteur de site<\/h2><p>Association MONTIGNY V\u00c9LO NATURE<br \/>19 place Pierre de Coubertin<br \/>57950 Montigny les Metz<\/p><p><span style=\"margin: 0px; padding: 0px; border: 0px; outline: 0px; vertical-align: baseline; background: none;\">\u00a0T. 06 80 25 82 70<br \/><\/span>montignyvelonature57@gmail.com<\/p><h2>Immatriculation<\/h2><p>19 place Pierre de Coubertin<br \/>57950 Montigny les Metz<\/p><p>Siret : 482 564 101 00020<\/p><h2>Directeur de la publication<\/h2><p><span style=\"margin: 0px; padding: 0px; border: 0px; outline: 0px; vertical-align: baseline; background: none;\">Olivier SINOT<\/span><\/p><p><span style=\"margin: 0px; padding: 0px; border: 0px; outline: 0px; vertical-align: baseline; background: none;\"> T. 06 80 25 82 70<\/span><\/p><h2>Cr\u00e9dits photos et visuels<\/h2><p>Adobe Stock, Montigny V\u00e9lo Nature<\/p><h2>R\u00e9alisation du site<\/h2><p>Association Montigny V\u00e9lo Nature<\/p><h2>H\u00e9bergement<\/h2><p>OVH <br \/>SAS au capital de 10 069 020 \u20ac<br \/>RCS Lille M\u00e9tropole<br \/>Siret 424 761 419 00045<br \/>Code APE 2620Z<br \/>N\u00b0 TVA : FR 22 424 761 419<br \/>Si\u00e8ge social : 2 rue Kellermann \u2013 59100 ROUBAIX \u2013 France<\/p><h2>Conditions G\u00e9n\u00e9rales d\u2019utilisation<\/h2><h3><span style=\"margin: 0px; padding: 0px; border: 0px; outline: 0px; vertical-align: baseline; background: none;\">G\u00e9n\u00e9ralit\u00e9s<\/span><\/h3><p>Les informations publi\u00e9es sont indicatives.s <em style=\"margin: 0px; padding: 0px; border: 0px; outline: 0px; vertical-align: baseline; background: none;\">MONTIGNY V\u00c9LO NATURE<\/em>\u00a0met en \u0153uvre tous les moyens dont il dispose pour assurer une information fiable et mise \u00e0 jour de son site internet.<\/p><p>Les informations contenues dans ce service sont non contractuelles et sujettes \u00e0 modification sans pr\u00e9avis.<\/p><p>Les liens hypertextes mis en \u0153uvre au sein du site <em style=\"margin: 0px; padding: 0px; border: 0px; outline: 0px; vertical-align: baseline; background: none;\">MONTIGNYVELONATURE.FR<\/em> en direction d\u2019autres sites et d\u2019une mani\u00e8re g\u00e9n\u00e9rale vers toutes ressources existantes sur internet ne sauraient engager aucune responsabilit\u00e9 de la part du directeur de la publication ou du cr\u00e9ateur du site.<\/p><h3><span style=\"margin: 0px; padding: 0px; border: 0px; outline: 0px; vertical-align: baseline; background: none;\">Reproduction<\/span><\/h3><p>Toute reproduction ou repr\u00e9sentation, en tout ou partie, \u00e0 d\u2019autres fins sur un quelconque support, est interdite sans l\u2019autorisation expresse et pr\u00e9alable du site <em style=\"margin: 0px; padding: 0px; border: 0px; outline: 0px; vertical-align: baseline; background: none;\">MONTIGNYVELONATURE.FR<\/em> et constituerait une contrefa\u00e7on au sens des articles L 335-2 et suivants du code de la propri\u00e9t\u00e9 intellectuelle. Le non-respect de cette interdiction constitue une contrefa\u00e7on pouvant engager la responsabilit\u00e9 civile et p\u00e9nale du contrefacteur.<\/p><h3><span style=\"margin: 0px; padding: 0px; border: 0px; outline: 0px; vertical-align: baseline; background: none;\">Cr\u00e9ation de liens<\/span><\/h3><p><em style=\"margin: 0px; padding: 0px; border: 0px; outline: 0px; vertical-align: baseline; background: none;\">MONTIGNYVELONATURE.FR<\/em> autorise la mise en place d\u2019un lien hypertexte pointant vers son contenu, sous r\u00e9serve de mentionner la source pour chaque lien, en particulier lorsqu\u2019il s\u2019agit d\u2019un lien direct vers un contenu.<\/p><h3><span style=\"margin: 0px; padding: 0px; border: 0px; outline: 0px; vertical-align: baseline; background: none;\">Propri\u00e9t\u00e9 intellectuelle<\/span><\/h3><p>Le contenu du site Internet <em style=\"margin: 0px; padding: 0px; border: 0px; outline: 0px; vertical-align: baseline; background: none;\">MONTIGNYVELONATURE.FR<\/em> est la propri\u00e9t\u00e9 exclusive de <em style=\"margin: 0px; padding: 0px; border: 0px; outline: 0px; vertical-align: baseline; background: none;\">MONTIGNYVELONATURE<\/em>\u00a0en sa qualit\u00e9 d\u2019auteur sens des articles L111-1 et suivants du Code de la propri\u00e9t\u00e9 intellectuelle.<\/p><p>Sauf autorisation \u00e9crite de <em style=\"margin: 0px; padding: 0px; border: 0px; outline: 0px; vertical-align: baseline; background: none;\">MONTIGNY VELO NATURE<\/em>, toute utilisation des \u0153uvres autres que la reproduction et la consultation individuelle et priv\u00e9e, conforme \u00e0 l\u2019article L122-5 du Code de la propri\u00e9t\u00e9 intellectuelle, est interdite.<\/p><p>Lorsque la reproduction est autoris\u00e9e, il est demand\u00e9 la mention suivante<span class=\"Apple-converted-space\">\u00a0<\/span><em style=\"margin: 0px; padding: 0px; border: 0px; outline: 0px; vertical-align: baseline; background: none;\">\u00ab contenu extrait du site MONTIGNYVELONATURE.FR \u00bb.<\/em><\/p>\t\t\t\t\t\t\t\t<\/div>\n\t\t\t\t<\/div>\n\t\t\t\t\t<\/div>\n\t\t<\/div>\n\t\t\t\t\t<\/div>\n\t\t<\/section>\n\t\t\t\t<\/div>\n\t\t","protected":false},"excerpt":{"rendered":"<p>Mentions l\u00e9gales \u00c9diteur de site Association MONTIGNY V\u00c9LO NATURE19 place Pierre de Coubertin57950 Montigny les Metz \u00a0T. 06 80 25 82 70montignyvelonature57@gmail.com Immatriculation 19 place Pierre de Coubertin57950 Montigny les Metz Siret : 482 564 101 00020 Directeur de la publication Olivier SINOT T. 06 80 25 82 70 Cr\u00e9dits photos et visuels Adobe Stock, [&hellip;]<\/p>\n","protected":false},"author":4,"featured_media":0,"parent":0,"menu_order":0,"comment_status":"closed","ping_status":"closed","template":"elementor_header_footer","meta":{"footnotes":""},"class_list":["post-5911","page","type-page","status-publish","hentry"],"_links":{"self":[{"href":"https:\/\/montignyvelonature.fr\/index.php?rest_route=\/wp\/v2\/pages\/5911"}],"collection":[{"href":"https:\/\/montignyvelonature.fr\/index.php?rest_route=\/wp\/v2\/pages"}],"about":[{"href":"https:\/\/montignyvelonature.fr\/index.php?rest_route=\/wp\/v2\/types\/page"}],"author":[{"embeddable":true,"href":"https:\/\/montignyvelonature.fr\/index.php?rest_route=\/wp\/v2\/users\/4"}],"replies":[{"embeddable":true,"href":"https:\/\/montignyvelonature.fr\/index.php?rest_route=%2Fwp%2Fv2%2Fcomments&post=5911"}],"version-history":[{"count":11,"href":"https:\/\/montignyvelonature.fr\/index.php?rest_route=\/wp\/v2\/pages\/5911\/revisions"}],"predecessor-version":[{"id":6742,"href":"https:\/\/montignyvelonature.fr\/index.php?rest_route=\/wp\/v2\/pages\/5911\/revisions\/6742"}],"wp:attachment":[{"href":"https:\/\/montignyvelonature.fr\/index.php?rest_route=%2Fwp%2Fv2%2Fmedia&parent=5911"}],"curies":[{"name":"wp","href":"https:\/\/api.w.org\/{rel}","templated":true}]}}