{"id":5919,"date":"2024-07-26T10:07:04","date_gmt":"2024-07-26T08:07:04","guid":{"rendered":"https:\/\/montignyvelonature.fr\/?page_id=5919"},"modified":"2024-07-26T15:46:53","modified_gmt":"2024-07-26T13:46:53","slug":"politique-de-confidentialite","status":"publish","type":"page","link":"https:\/\/montignyvelonature.fr\/?page_id=5919","title":{"rendered":"Politique de confidentialit\u00e9"},"content":{"rendered":"\t\t<div data-elementor-type=\"wp-page\" data-elementor-id=\"5919\" class=\"elementor elementor-5919\">\n\t\t\t\t\t\t<section class=\"elementor-section elementor-top-section elementor-element elementor-element-0f7841c elementor-section-stretched elementor-section-boxed elementor-section-height-default elementor-section-height-default\" data-id=\"0f7841c\" data-element_type=\"section\" data-e-type=\"section\" data-settings=\"{&quot;stretch_section&quot;:&quot;section-stretched&quot;}\">\n\t\t\t\t\t\t<div class=\"elementor-container elementor-column-gap-default\">\n\t\t\t\t\t<div class=\"elementor-column elementor-col-100 elementor-top-column elementor-element elementor-element-d7eb74f\" data-id=\"d7eb74f\" data-element_type=\"column\" data-e-type=\"column\">\n\t\t\t<div class=\"elementor-widget-wrap elementor-element-populated\">\n\t\t\t\t\t\t<div class=\"elementor-element elementor-element-264805f elementor-widget elementor-widget-text-editor\" data-id=\"264805f\" data-element_type=\"widget\" data-e-type=\"widget\" data-widget_type=\"text-editor.default\">\n\t\t\t\t<div class=\"elementor-widget-container\">\n\t\t\t\t\t\t\t\t\t<h1>Politique de confidentialit\u00e9<\/h1>\t\t\t\t\t\t\t\t<\/div>\n\t\t\t\t<\/div>\n\t\t\t\t\t<\/div>\n\t\t<\/div>\n\t\t\t\t\t<\/div>\n\t\t<\/section>\n\t\t\t\t<section class=\"elementor-section elementor-top-section elementor-element elementor-element-e7ac032 elementor-section-boxed elementor-section-height-default elementor-section-height-default\" data-id=\"e7ac032\" data-element_type=\"section\" data-e-type=\"section\">\n\t\t\t\t\t\t<div class=\"elementor-container elementor-column-gap-default\">\n\t\t\t\t\t<div class=\"elementor-column elementor-col-100 elementor-top-column elementor-element elementor-element-94011a6\" data-id=\"94011a6\" data-element_type=\"column\" data-e-type=\"column\">\n\t\t\t<div class=\"elementor-widget-wrap elementor-element-populated\">\n\t\t\t\t\t\t<div class=\"elementor-element elementor-element-01e900d elementor-widget elementor-widget-text-editor\" data-id=\"01e900d\" data-element_type=\"widget\" data-e-type=\"widget\" data-widget_type=\"text-editor.default\">\n\t\t\t\t<div class=\"elementor-widget-container\">\n\t\t\t\t\t\t\t\t\t<div class=\"et_pb_module et_pb_text et_pb_text_2 et_pb_text_align_left et_pb_bg_layout_light\">\n<h2 class=\"et_pb_text_inner\">Traitement de vos donn\u00e9es personnelles<\/h2>\n<\/div>\n<div class=\"et_pb_module et_pb_text et_pb_text_3 et_pb_text_align_left et_pb_bg_layout_light\">\n<h3 class=\"et_pb_text_inner\">D\u00e9finitions<\/h3>\n<h4 class=\"et_pb_text_inner\"><em style=\"font-size: 16px;\">L&rsquo;\u00c9diteur :<\/em><\/h4>\n<\/div>\n<div class=\"et_pb_module et_pb_text et_pb_text_3 et_pb_text_align_left et_pb_bg_layout_light\">La personne, physique ou morale, qui \u00e9dite les services de communication au public en ligne.<\/div>\n<div>&nbsp;<\/div>\n<h4 class=\"et_pb_module et_pb_text et_pb_text_3 et_pb_text_align_left et_pb_bg_layout_light\"><em>Le Site :<\/em><\/h4>\n<p class=\"et_pb_module et_pb_text et_pb_text_3 et_pb_text_align_left et_pb_bg_layout_light\">L\u2019ensemble des sites, pages Internet et services en ligne propos\u00e9s par l\u2019\u00c9diteur.<\/p>\n<div class=\"et_pb_module et_pb_text et_pb_text_3 et_pb_text_align_left et_pb_bg_layout_light\">\n<div>&nbsp;<\/div>\n<h4><em>L\u2019Utilisateur :<\/em><\/h4>\n<\/div>\n<div class=\"et_pb_module et_pb_text et_pb_text_3 et_pb_text_align_left et_pb_bg_layout_light\">La personne utilisant le Site et les services.<\/div>\n<div>&nbsp;<\/div>\n<h3 class=\"et_pb_module et_pb_text et_pb_text_3 et_pb_text_align_left et_pb_bg_layout_light\">1 \u2013 Nature des donn\u00e9es collect\u00e9es<\/h3>\n<div class=\"et_pb_module et_pb_text et_pb_text_3 et_pb_text_align_left et_pb_bg_layout_light\">Dans le cadre de l\u2019utilisation des Sites, l\u2019\u00c9diteur est susceptible de collecter les cat\u00e9gories de donn\u00e9es suivantes concernant ses Utilisateurs : Donn\u00e9es d\u2019\u00e9tat-civil, d\u2019identit\u00e9, d\u2019identification\u2026<br><br><\/div>\n<div class=\"et_pb_module et_pb_text et_pb_text_3 et_pb_text_align_left et_pb_bg_layout_light\">\n<div class=\"et_pb_text_inner\">\n<h3>2 \u2013 Communication des donn\u00e9es personnelles \u00e0 des tiers<\/h3>\n<h4><em>Pas de communication \u00e0 des tiers<\/em><\/h4>\n<p>Vos donn\u00e9es ne font l\u2019objet d\u2019aucune communication \u00e0 des tiers. Vous \u00eates toutefois inform\u00e9s qu\u2019elles pourront \u00eatre divulgu\u00e9es en application d\u2019une loi, d\u2019un r\u00e8glement ou en vertu d\u2019une d\u00e9cision d\u2019une autorit\u00e9 r\u00e9glementaire ou judiciaire comp\u00e9tente.<\/p><p><br><\/p>\n<h3>3 \u2013 Information pr\u00e9alable pour la communication des donn\u00e9es personnelles \u00e0 des tiers en cas de fusion \/ absorption<\/h3>\n<h4><em>Information pr\u00e9alable et possibilit\u00e9 d\u2019opt-out avant et apr\u00e8s la fusion \/ acquisition<\/em><\/h4>\n<p>Dans le cas o\u00f9 nous prendrions part \u00e0 une op\u00e9ration de fusion, d\u2019acquisition ou \u00e0 toute autre forme de cession d\u2019actifs, nous nous engageons \u00e0 garantir la confidentialit\u00e9 de vos donn\u00e9es personnelles et \u00e0 vous informer avant que celles-ci ne soient transf\u00e9r\u00e9es ou soumises \u00e0 de nouvelles r\u00e8gles de confidentialit\u00e9.<\/p><p><br><\/p>\n<p><\/p>\n<h3>4 \u2013 Agr\u00e9gation des donn\u00e9es<\/h3>\n<h4><em>Agr\u00e9gation avec des donn\u00e9es non personnelles<\/em><\/h4>\n<p>Nous pouvons publier, divulguer et utiliser les informations agr\u00e9g\u00e9es (informations relatives \u00e0 tous nos Utilisateurs ou \u00e0 des groupes ou cat\u00e9gories sp\u00e9cifiques d\u2019Utilisateurs que nous combinons de mani\u00e8re \u00e0 ce qu\u2019un Utilisateur individuel ne puisse plus \u00eatre identifi\u00e9 ou mentionn\u00e9) et les informations non personnelles \u00e0 des fins d\u2019analyse du secteur et du march\u00e9, de profilage d\u00e9mographique, \u00e0 des fins promotionnelles et publicitaires et \u00e0 d\u2019autres fins commerciales.<\/p><p><br><\/p>\n<p><\/p>\n<h4><em>Agr\u00e9gation avec des donn\u00e9es personnelles disponibles sur les comptes sociaux de l\u2019Utilisateur<\/em><\/h4>\n<p>Si vous connectez votre compte \u00e0 un compte d\u2019un autre service afin de faire des envois crois\u00e9s, ledit service pourra nous communiquer vos informations de profil, de connexion, ainsi que toute autre information dont vous avez autoris\u00e9 la divulgation. Nous pouvons agr\u00e9ger les informations relatives \u00e0 tous nos autres Utilisateurs, groupes, comptes, aux donn\u00e9es personnelles disponibles sur l\u2019Utilisateur.<\/p>\n<h4>&nbsp;<\/h4>\n<h3>5 \u2013 Collecte des donn\u00e9es d\u2019identit\u00e9<\/h3>\n<h4><em>Consultation libre<\/em><\/h4>\n<p>La consultation du Site ne n\u00e9cessite pas d\u2019inscription ni d\u2019identification pr\u00e9alable. Elle peut s\u2019effectuer sans que vous ne communiquiez de donn\u00e9es nominatives vous concernant (nom, pr\u00e9nom, adresse, etc). Nous ne proc\u00e9dons \u00e0 aucun enregistrement de donn\u00e9es nominatives pour la simple consultation du Site.<\/p><p><br><\/p>\n<p><\/p>\n<h3>6 \u2013 Collecte des donn\u00e9es d\u2019identification<\/h3>\n<h4><em>U<\/em><em>tilisation de l\u2019identifiant de l\u2019utilisateur uniquement pour l\u2019acc\u00e8s aux services<\/em><\/h4>\n<p>Nous utilisons vos identifiants \u00e9lectroniques seulement pour et pendant l\u2019ex\u00e9cution du contrat.<\/p><p><br><\/p>\n<p><\/p>\n<h3>7 \u2013 Collecte des donn\u00e9es du terminal<\/h3>\n<h4><em>Collecte des donn\u00e9es de profilage et des donn\u00e9es techniques \u00e0 des fins de fourniture du service<\/em><\/h4>\n<p>Certaines des donn\u00e9es techniques de votre appareil sont collect\u00e9es automatiquement par le Site. Ces informations incluent notamment votre adresse IP, fournisseur d\u2019acc\u00e8s \u00e0 Internet, configuration mat\u00e9rielle, configuration logicielle, type et langue du navigateur\u2026 La collecte de ces donn\u00e9es est n\u00e9cessaire \u00e0 la fourniture des services.<\/p><p><br><\/p>\n<p><\/p>\n<h4><em>Collecte des donn\u00e9es techniques \u00e0 des fins publicitaires, commerciales et statistiques<\/em><\/h4>\n<p>Les donn\u00e9es techniques de votre appareil sont automatiquement collect\u00e9es et enregistr\u00e9es par le Site, \u00e0 des fins publicitaires, commerciales et statistiques. Ces informations nous aident \u00e0 personnaliser et \u00e0 am\u00e9liorer continuellement votre exp\u00e9rience sur notre Site. Nous ne collectons ni ne conservons aucune donn\u00e9e nominative (nom, pr\u00e9nom, adresse\u2026) \u00e9ventuellement attach\u00e9e \u00e0 une donn\u00e9e technique. Les donn\u00e9es collect\u00e9es sont susceptibles d\u2019\u00eatre revendues \u00e0 des tiers.<\/p>\n<h4>&nbsp;<\/h4>\n<h3>8 \u2013 Cookies<\/h3>\n<h4><em>Dur\u00e9e de conservation des cookies<\/em><\/h4>\n<p>Conform\u00e9ment aux recommandations de la CNIL, la dur\u00e9e maximale de conservation des cookies est de 13 mois au maximum apr\u00e8s leur premier d\u00e9p\u00f4t dans le terminal de l\u2019Utilisateur, tout comme la dur\u00e9e de la validit\u00e9 du consentement de l\u2019Utilisateur \u00e0 l\u2019utilisation de ces cookies. La dur\u00e9e de vie des cookies n\u2019est pas prolong\u00e9e \u00e0 chaque visite. Le consentement de l\u2019Utilisateur devra donc \u00eatre renouvel\u00e9 \u00e0 l\u2019issue de ce d\u00e9lai.<\/p>\n<h4>&nbsp;<\/h4>\n<h4><em>Finalit\u00e9 cookies<\/em><\/h4>\n<p>Les cookies peuvent \u00eatre utilis\u00e9s pour des fins statistiques notamment pour optimiser les services rendus \u00e0 l\u2019Utilisateur, \u00e0 partir du traitement des informations concernant la fr\u00e9quence d\u2019acc\u00e8s, la personnalisation des pages ainsi que les op\u00e9rations r\u00e9alis\u00e9es et les informations consult\u00e9es.<br>Vous \u00eates inform\u00e9 que l\u2019\u00c9diteur est susceptible de d\u00e9poser des cookies sur votre terminal. Le cookie enregistre des informations relatives \u00e0 la navigation sur le service (les pages que vous avez consult\u00e9es, la date et l\u2019heure de la consultation\u2026) que nous pourrons lire lors de vos visites ult\u00e9rieures.<\/p>\n<p><\/p>\n<h4><em>Opt-in pour le d\u00e9p\u00f4t de cookies<\/em><\/h4>\n<p>Nous n\u2019utilisons pas de cookies. Si nous devions en utiliser \u00e0 l\u2019avenir, vous en seriez inform\u00e9 pr\u00e9alablement et auriez la possibilit\u00e9 de d\u00e9sactiver ces cookies.<\/p>\n<h4>&nbsp;<\/h4>\n<h3>9 \u2013 Conservation des donn\u00e9es techniques<\/h3>\n<h4><em>Dur\u00e9e de conservation des donn\u00e9es techniques<\/em><\/h4>\n<p>Les donn\u00e9es techniques sont conserv\u00e9es pour la dur\u00e9e strictement n\u00e9cessaire \u00e0 la r\u00e9alisation des finalit\u00e9s vis\u00e9es ci-avant.<\/p><p><br><\/p>\n<p><\/p>\n<h3>10 \u2013 D\u00e9lai de conservation des donn\u00e9es personnelles et d\u2019anonymisation<\/h3>\n<h4><em>Pas de conservation des donn\u00e9es<\/em><\/h4>\n<p>Nous ne conservons aucune donn\u00e9e personnelle au del\u00e0 de votre dur\u00e9e de connexion au service pour les finalit\u00e9s d\u00e9crites dans les pr\u00e9sentes Politique de confidentialit\u00e9.<\/p>\n<p><\/p>\n<h4><em>Suppression des donn\u00e9es apr\u00e8s suppression du compte<\/em><\/h4>\n<p>Des moyens de purge de donn\u00e9es sont mis en place afin d\u2019en pr\u00e9voir la suppression effective d\u00e8s lors que la dur\u00e9e de conservation ou d\u2019archivage n\u00e9cessaire \u00e0 l\u2019accomplissement des finalit\u00e9s d\u00e9termin\u00e9es ou impos\u00e9es est atteinte. Conform\u00e9ment \u00e0 la loi n\u00b078-17 du 6 janvier 1978 relative \u00e0 l\u2019informatique, aux fichiers et aux libert\u00e9s, vous disposez par ailleurs d\u2019un droit de suppression sur vos donn\u00e9es que vous pouvez exercer \u00e0 tout moment en prenant contact avec l\u2019\u00c9diteur.<\/p><p><br><\/p>\n<p><\/p>\n<h4><em>Suppression des donn\u00e9es apr\u00e8s 3 ans d\u2019inactivit\u00e9<\/em><\/h4>\n<p>Pour des raisons de s\u00e9curit\u00e9, si vous ne vous \u00eates pas authentifi\u00e9 sur le Site pendant une p\u00e9riode de trois ans, vous recevrez un e-mail vous invitant \u00e0 vous connecter dans les plus brefs d\u00e9lais, sans quoi vos donn\u00e9es seront supprim\u00e9es de nos bases de donn\u00e9es.<\/p>\n<p><\/p>\n<h3>11 \u2013 Suppression du compte<\/h3>\n<h4><em>Suppression du compte \u00e0 la demande<\/em><\/h4>\n<p>L\u2019Utilisateur a la possibilit\u00e9 de supprimer son Compte \u00e0 tout moment, par simple demande \u00e0 l\u2019\u00c9diteur OU par le menu de suppression de Compte pr\u00e9sent dans les param\u00e8tres du Compte le cas \u00e9ch\u00e9ant.<\/p><p><br><\/p>\n<p><\/p>\n<h4><em>Suppression du compte en cas de violation de la Politique de Confidentialit\u00e9<\/em><\/h4>\n<p>En cas de violation d\u2019une ou de plusieurs dispositions de la Politique de Confidentialit\u00e9 ou de tout autre document incorpor\u00e9 aux pr\u00e9sentes par r\u00e9f\u00e9rence, l\u2019\u00c9diteur se r\u00e9serve le droit de mettre fin ou restreindre sans aucun avertissement pr\u00e9alable et \u00e0 sa seule discr\u00e9tion, votre usage et acc\u00e8s aux services, \u00e0 votre compte et \u00e0 tous les Sites.<\/p><p><br><\/p>\n<p><\/p>\n<h3>12 \u2013 Indications en cas de faille de s\u00e9curit\u00e9 d\u00e9cel\u00e9e par l\u2019\u00c9diteur<\/h3>\n<h4><em>Information de l\u2019Utilisateur en cas de faille de s\u00e9curit\u00e9<\/em><\/h4>\n<p>Nous nous engageons \u00e0 mettre en oeuvre toutes les mesures techniques et organisationnelles appropri\u00e9es afin de garantir un niveau de s\u00e9curit\u00e9 adapt\u00e9 au regard des risques d\u2019acc\u00e8s accidentels, non autoris\u00e9s ou ill\u00e9gaux, de divulgation, d\u2019alt\u00e9ration, de perte ou encore de destruction des donn\u00e9es personnelles vous concernant. Dans l\u2019\u00e9ventualit\u00e9 o\u00f9 nous prendrions connaissance d\u2019un acc\u00e8s ill\u00e9gal aux donn\u00e9es personnelles vous concernant stock\u00e9es sur nos serveurs ou ceux de nos prestataires, ou d\u2019un acc\u00e8s non autoris\u00e9 ayant pour cons\u00e9quence la r\u00e9alisation des risques identifi\u00e9s ci-dessus, nous nous engageons \u00e0 :<br>\u2013 Vous notifier l\u2019incident dans les plus brefs d\u00e9lais ;<br>\u2013 Examiner les causes de l\u2019incident et vous en informer ;<br>\u2013 Prendre les mesures n\u00e9cessaires dans la limite du raisonnable afin d\u2019amoindrir les effets n\u00e9gatifs et pr\u00e9judices&nbsp;pouvant r\u00e9sulter dudit incident.<\/p><p><br><\/p>\n<p><\/p>\n<h4><em>Limitation de la responsabilit\u00e9<\/em><\/h4>\n<p>En aucun cas les engagements d\u00e9finis au point ci-dessus relatifs \u00e0 la notification en cas de faille de s\u00e9curit\u00e9 ne peuvent \u00eatre assimil\u00e9s \u00e0 une quelconque reconnaissance de faute ou de responsabilit\u00e9 quant \u00e0 la survenance de l\u2019incident en question.<\/p>\n<h4>&nbsp;<\/h4>\n<h3>13 \u2013 Transfert des donn\u00e9es personnelles \u00e0 l\u2019\u00e9tranger<\/h3>\n<h4><em>Pas de transfert en dehors de l\u2019Union europ\u00e9enne<\/em><\/h4>\n<p>L\u2019\u00c9diteur s\u2019engage \u00e0 ne pas transf\u00e9rer les donn\u00e9es personnelles de ses Utilisateurs en dehors de l\u2019Union europ\u00e9enne.<\/p>\n<h4>&nbsp;<\/h4>\n<h3>14 \u2013 Modification de la politique de confidentialit\u00e9<\/h3>\n<p>En cas de modification de la pr\u00e9sente Politique de Confidentialit\u00e9, engagement de ne pas baisser le niveau de confidentialit\u00e9 de mani\u00e8re substantielle sans l\u2019information pr\u00e9alable des personnes concern\u00e9es.<br>Nous nous engageons \u00e0 vous informer en cas de modification substantielle de la pr\u00e9sente Politique de Confidentialit\u00e9, et \u00e0 ne pas baisser le niveau de confidentialit\u00e9 de vos donn\u00e9es de mani\u00e8re substantielle sans vous en informer et obtenir votre consentement.<\/p><p><br><\/p>\n<p><\/p>\n<h3>15 \u2013 Droit applicable et modalit\u00e9s de recours<\/h3>\n<h4><em>Application du droit fran\u00e7ais (l\u00e9gislation CNIL) et comp\u00e9tence des tribunaux<\/em><\/h4>\n<p>La pr\u00e9sente Politique de Confidentialit\u00e9 et votre utilisation du Site sont r\u00e9gies et interpr\u00e9t\u00e9es conform\u00e9ment aux lois de France, et notamment \u00e0 la Loi n\u00b0 78-17 du 6 janvier 1978 relative \u00e0 l\u2019informatique, aux fichiers et aux libert\u00e9s. Le choix de la loi applicable ne porte pas atteinte \u00e0 vos droits en tant que consommateur conform\u00e9ment \u00e0 la loi applicable de votre lieu de r\u00e9sidence. Si vous \u00eates un consommateur, vous et nous acceptons de se soumettre \u00e0 la comp\u00e9tence non-exclusive des juridictions fran\u00e7aises, ce qui signifie que vous pouvez engager une action relative \u00e0 la pr\u00e9sente Politique de Confidentialit\u00e9 en France ou dans le pays de l\u2019UE dans lequel vous vivez. Si vous \u00eates un professionnel, toutes les actions \u00e0 notre encontre doivent \u00eatre engag\u00e9es devant une juridiction en France.<br>En cas de litige, les parties chercheront une solution amiable avant toute action judiciaire. En cas d\u2019\u00e9chec de ces tentatives, toutes contestations \u00e0 la validit\u00e9, l\u2019interpr\u00e9tation et \/ ou l\u2019ex\u00e9cution de la Politique de Confidentialit\u00e9 devront \u00eatre port\u00e9es m\u00eame en cas de pluralit\u00e9 des d\u00e9fendeurs ou d\u2019appel en garantie, devant les tribunaux fran\u00e7ais.<\/p><p><br><\/p>\n<p><\/p>\n<h3>16 \u2013 Portabilit\u00e9 des donn\u00e9es<\/h3>\n<p>L\u2019\u00c9diteur s\u2019engage \u00e0 vous offrir la possibilit\u00e9 de vous faire restituer l\u2019ensemble des donn\u00e9es vous concernant sur simple demande. L\u2019Utilisateur se voit ainsi garantir une meilleure ma\u00eetrise de ses donn\u00e9es, et garde la possibilit\u00e9 de les r\u00e9utiliser. Ces donn\u00e9es devront \u00eatre fournies dans un format ouvert et ais\u00e9ment r\u00e9utilisable.<\/p>\n<\/div>\n<\/div>\t\t\t\t\t\t\t\t<\/div>\n\t\t\t\t<\/div>\n\t\t\t\t\t<\/div>\n\t\t<\/div>\n\t\t\t\t\t<\/div>\n\t\t<\/section>\n\t\t\t\t<\/div>\n\t\t","protected":false},"excerpt":{"rendered":"<p>Politique de confidentialit\u00e9 Traitement de vos donn\u00e9es personnelles D\u00e9finitions L&rsquo;\u00c9diteur : La personne, physique ou morale, qui \u00e9dite les services de communication au public en ligne. &nbsp; Le Site : L\u2019ensemble des sites, pages Internet et services en ligne propos\u00e9s par l\u2019\u00c9diteur. &nbsp; L\u2019Utilisateur : La personne utilisant le Site et les services. &nbsp; 1 [&hellip;]<\/p>\n","protected":false},"author":4,"featured_media":0,"parent":0,"menu_order":0,"comment_status":"closed","ping_status":"closed","template":"elementor_header_footer","meta":{"footnotes":""},"class_list":["post-5919","page","type-page","status-publish","hentry"],"_links":{"self":[{"href":"https:\/\/montignyvelonature.fr\/index.php?rest_route=\/wp\/v2\/pages\/5919"}],"collection":[{"href":"https:\/\/montignyvelonature.fr\/index.php?rest_route=\/wp\/v2\/pages"}],"about":[{"href":"https:\/\/montignyvelonature.fr\/index.php?rest_route=\/wp\/v2\/types\/page"}],"author":[{"embeddable":true,"href":"https:\/\/montignyvelonature.fr\/index.php?rest_route=\/wp\/v2\/users\/4"}],"replies":[{"embeddable":true,"href":"https:\/\/montignyvelonature.fr\/index.php?rest_route=%2Fwp%2Fv2%2Fcomments&post=5919"}],"version-history":[{"count":5,"href":"https:\/\/montignyvelonature.fr\/index.php?rest_route=\/wp\/v2\/pages\/5919\/revisions"}],"predecessor-version":[{"id":5932,"href":"https:\/\/montignyvelonature.fr\/index.php?rest_route=\/wp\/v2\/pages\/5919\/revisions\/5932"}],"wp:attachment":[{"href":"https:\/\/montignyvelonature.fr\/index.php?rest_route=%2Fwp%2Fv2%2Fmedia&parent=5919"}],"curies":[{"name":"wp","href":"https:\/\/api.w.org\/{rel}","templated":true}]}}